{"id":343,"date":"2023-08-29T15:48:37","date_gmt":"2023-08-29T13:48:37","guid":{"rendered":"https:\/\/spotiplays.fr\/?post_type=product&#038;p=343"},"modified":"2024-06-25T09:58:24","modified_gmt":"2024-06-25T07:58:24","slug":"streaming-plays","status":"publish","type":"product","link":"https:\/\/spotiplays.fr\/index.php\/produit\/streaming-plays\/","title":{"rendered":"Streaming Plays"},"content":{"rendered":"<p>Streaming Spotify<br \/>\nD\u00e9but : Sous 24h \u00e0 5 jours ouvr\u00e9s.<br \/>\nEstimation de Livraison : Sous 30 Jours<\/p>\n","protected":false},"excerpt":{"rendered":"<p>Streaming Spotify D\u00e9but : Sous 24h \u00e0 5 jours ouvr\u00e9s. Estimation de Livraison : Sous 30 Jours<\/p>\n","protected":false},"featured_media":26,"comment_status":"open","ping_status":"closed","template":"","meta":{"_monsterinsights_skip_tracking":false,"_monsterinsights_sitenote_active":false,"_monsterinsights_sitenote_note":"","_monsterinsights_sitenote_category":0},"product_cat":[6,23],"product_tag":[],"class_list":{"0":"post-343","1":"product","2":"type-product","3":"status-publish","4":"has-post-thumbnail","6":"product_cat-spotify","7":"product_cat-streaming","9":"first","10":"instock","11":"shipping-taxable","12":"purchasable","13":"product-type-variable"},"yoast_head":"<!-- This site is optimized with the Yoast SEO plugin v22.9 - https:\/\/yoast.com\/wordpress\/plugins\/seo\/ -->\n<title>Streaming Plays - Spotiplays<\/title>\n<meta name=\"robots\" content=\"index, follow, max-snippet:-1, max-image-preview:large, max-video-preview:-1\" \/>\n<link rel=\"canonical\" href=\"https:\/\/spotiplays.fr\/index.php\/produit\/streaming-plays\/\" \/>\n<meta property=\"og:locale\" content=\"fr_FR\" \/>\n<meta property=\"og:type\" content=\"article\" \/>\n<meta property=\"og:title\" content=\"Streaming Plays - Spotiplays\" \/>\n<meta property=\"og:description\" content=\"Streaming Spotify D\u00e9but : Sous 24h \u00e0 5 jours ouvr\u00e9s. Estimation de Livraison : Sous 30 Jours\" \/>\n<meta property=\"og:url\" content=\"https:\/\/spotiplays.fr\/index.php\/produit\/streaming-plays\/\" \/>\n<meta property=\"og:site_name\" content=\"Spotiplays\" \/>\n<meta property=\"article:modified_time\" content=\"2024-06-25T07:58:24+00:00\" \/>\n<meta property=\"og:image\" content=\"https:\/\/spotiplays.fr\/wp-content\/uploads\/2016\/10\/SPOTIII.jpg\" \/>\n\t<meta property=\"og:image:width\" content=\"800\" \/>\n\t<meta property=\"og:image:height\" content=\"600\" \/>\n\t<meta property=\"og:image:type\" content=\"image\/jpeg\" \/>\n<meta name=\"twitter:card\" content=\"summary_large_image\" \/>\n<meta name=\"twitter:label1\" content=\"Dur\u00e9e de lecture estim\u00e9e\" \/>\n\t<meta name=\"twitter:data1\" content=\"1 minute\" \/>\n<script type=\"application\/ld+json\" class=\"yoast-schema-graph\">{\"@context\":\"https:\/\/schema.org\",\"@graph\":[{\"@type\":\"WebPage\",\"@id\":\"https:\/\/spotiplays.fr\/index.php\/produit\/streaming-plays\/\",\"url\":\"https:\/\/spotiplays.fr\/index.php\/produit\/streaming-plays\/\",\"name\":\"Streaming Plays - Spotiplays\",\"isPartOf\":{\"@id\":\"https:\/\/spotiplays.fr\/#website\"},\"primaryImageOfPage\":{\"@id\":\"https:\/\/spotiplays.fr\/index.php\/produit\/streaming-plays\/#primaryimage\"},\"image\":{\"@id\":\"https:\/\/spotiplays.fr\/index.php\/produit\/streaming-plays\/#primaryimage\"},\"thumbnailUrl\":\"https:\/\/spotiplays.fr\/wp-content\/uploads\/2016\/10\/SPOTIII.jpg\",\"datePublished\":\"2023-08-29T13:48:37+00:00\",\"dateModified\":\"2024-06-25T07:58:24+00:00\",\"breadcrumb\":{\"@id\":\"https:\/\/spotiplays.fr\/index.php\/produit\/streaming-plays\/#breadcrumb\"},\"inLanguage\":\"fr-FR\",\"potentialAction\":[{\"@type\":\"ReadAction\",\"target\":[\"https:\/\/spotiplays.fr\/index.php\/produit\/streaming-plays\/\"]}]},{\"@type\":\"ImageObject\",\"inLanguage\":\"fr-FR\",\"@id\":\"https:\/\/spotiplays.fr\/index.php\/produit\/streaming-plays\/#primaryimage\",\"url\":\"https:\/\/spotiplays.fr\/wp-content\/uploads\/2016\/10\/SPOTIII.jpg\",\"contentUrl\":\"https:\/\/spotiplays.fr\/wp-content\/uploads\/2016\/10\/SPOTIII.jpg\",\"width\":800,\"height\":600},{\"@type\":\"BreadcrumbList\",\"@id\":\"https:\/\/spotiplays.fr\/index.php\/produit\/streaming-plays\/#breadcrumb\",\"itemListElement\":[{\"@type\":\"ListItem\",\"position\":1,\"name\":\"Accueil\",\"item\":\"https:\/\/spotiplays.fr\/\"},{\"@type\":\"ListItem\",\"position\":2,\"name\":\"Boutique\",\"item\":\"https:\/\/spotiplays.fr\/\"},{\"@type\":\"ListItem\",\"position\":3,\"name\":\"Streaming Plays\"}]},{\"@type\":\"WebSite\",\"@id\":\"https:\/\/spotiplays.fr\/#website\",\"url\":\"https:\/\/spotiplays.fr\/\",\"name\":\"Spotiplays\",\"description\":\"Spotiplays\",\"potentialAction\":[{\"@type\":\"SearchAction\",\"target\":{\"@type\":\"EntryPoint\",\"urlTemplate\":\"https:\/\/spotiplays.fr\/?s={search_term_string}\"},\"query-input\":\"required name=search_term_string\"}],\"inLanguage\":\"fr-FR\"}]}<\/script>\n<!-- \/ Yoast SEO plugin. -->","yoast_head_json":{"title":"Streaming Plays - Spotiplays","robots":{"index":"index","follow":"follow","max-snippet":"max-snippet:-1","max-image-preview":"max-image-preview:large","max-video-preview":"max-video-preview:-1"},"canonical":"https:\/\/spotiplays.fr\/index.php\/produit\/streaming-plays\/","og_locale":"fr_FR","og_type":"article","og_title":"Streaming Plays - Spotiplays","og_description":"Streaming Spotify D\u00e9but : Sous 24h \u00e0 5 jours ouvr\u00e9s. Estimation de Livraison : Sous 30 Jours","og_url":"https:\/\/spotiplays.fr\/index.php\/produit\/streaming-plays\/","og_site_name":"Spotiplays","article_modified_time":"2024-06-25T07:58:24+00:00","og_image":[{"width":800,"height":600,"url":"https:\/\/spotiplays.fr\/wp-content\/uploads\/2016\/10\/SPOTIII.jpg","type":"image\/jpeg"}],"twitter_card":"summary_large_image","twitter_misc":{"Dur\u00e9e de lecture estim\u00e9e":"1 minute"},"schema":{"@context":"https:\/\/schema.org","@graph":[{"@type":"WebPage","@id":"https:\/\/spotiplays.fr\/index.php\/produit\/streaming-plays\/","url":"https:\/\/spotiplays.fr\/index.php\/produit\/streaming-plays\/","name":"Streaming Plays - Spotiplays","isPartOf":{"@id":"https:\/\/spotiplays.fr\/#website"},"primaryImageOfPage":{"@id":"https:\/\/spotiplays.fr\/index.php\/produit\/streaming-plays\/#primaryimage"},"image":{"@id":"https:\/\/spotiplays.fr\/index.php\/produit\/streaming-plays\/#primaryimage"},"thumbnailUrl":"https:\/\/spotiplays.fr\/wp-content\/uploads\/2016\/10\/SPOTIII.jpg","datePublished":"2023-08-29T13:48:37+00:00","dateModified":"2024-06-25T07:58:24+00:00","breadcrumb":{"@id":"https:\/\/spotiplays.fr\/index.php\/produit\/streaming-plays\/#breadcrumb"},"inLanguage":"fr-FR","potentialAction":[{"@type":"ReadAction","target":["https:\/\/spotiplays.fr\/index.php\/produit\/streaming-plays\/"]}]},{"@type":"ImageObject","inLanguage":"fr-FR","@id":"https:\/\/spotiplays.fr\/index.php\/produit\/streaming-plays\/#primaryimage","url":"https:\/\/spotiplays.fr\/wp-content\/uploads\/2016\/10\/SPOTIII.jpg","contentUrl":"https:\/\/spotiplays.fr\/wp-content\/uploads\/2016\/10\/SPOTIII.jpg","width":800,"height":600},{"@type":"BreadcrumbList","@id":"https:\/\/spotiplays.fr\/index.php\/produit\/streaming-plays\/#breadcrumb","itemListElement":[{"@type":"ListItem","position":1,"name":"Accueil","item":"https:\/\/spotiplays.fr\/"},{"@type":"ListItem","position":2,"name":"Boutique","item":"https:\/\/spotiplays.fr\/"},{"@type":"ListItem","position":3,"name":"Streaming Plays"}]},{"@type":"WebSite","@id":"https:\/\/spotiplays.fr\/#website","url":"https:\/\/spotiplays.fr\/","name":"Spotiplays","description":"Spotiplays","potentialAction":[{"@type":"SearchAction","target":{"@type":"EntryPoint","urlTemplate":"https:\/\/spotiplays.fr\/?s={search_term_string}"},"query-input":"required name=search_term_string"}],"inLanguage":"fr-FR"}]}},"_links":{"self":[{"href":"https:\/\/spotiplays.fr\/index.php\/wp-json\/wp\/v2\/product\/343"}],"collection":[{"href":"https:\/\/spotiplays.fr\/index.php\/wp-json\/wp\/v2\/product"}],"about":[{"href":"https:\/\/spotiplays.fr\/index.php\/wp-json\/wp\/v2\/types\/product"}],"replies":[{"embeddable":true,"href":"https:\/\/spotiplays.fr\/index.php\/wp-json\/wp\/v2\/comments?post=343"}],"wp:featuredmedia":[{"embeddable":true,"href":"https:\/\/spotiplays.fr\/index.php\/wp-json\/wp\/v2\/media\/26"}],"wp:attachment":[{"href":"https:\/\/spotiplays.fr\/index.php\/wp-json\/wp\/v2\/media?parent=343"}],"wp:term":[{"taxonomy":"product_cat","embeddable":true,"href":"https:\/\/spotiplays.fr\/index.php\/wp-json\/wp\/v2\/product_cat?post=343"},{"taxonomy":"product_tag","embeddable":true,"href":"https:\/\/spotiplays.fr\/index.php\/wp-json\/wp\/v2\/product_tag?post=343"}],"curies":[{"name":"wp","href":"https:\/\/api.w.org\/{rel}","templated":true}]}}